{"id":1215,"date":"2021-11-05T13:21:43","date_gmt":"2021-11-05T20:21:43","guid":{"rendered":"https:\/\/www.autotransportesdelreal.com\/web\/?page_id=1215"},"modified":"2021-11-05T13:21:43","modified_gmt":"2021-11-05T20:21:43","slug":"aviso-de-privacidad","status":"publish","type":"page","link":"https:\/\/www.autotransportesdelreal.com\/en\/aviso-de-privacidad\/","title":{"rendered":"Privacy Policy"},"content":{"rendered":"<style>#kt-layout-id_d6d765-f2 > .kt-row-column-wrap{align-content:start;}:where(#kt-layout-id_d6d765-f2 > .kt-row-column-wrap) > .wp-block-kadence-column{justify-content:start;}#kt-layout-id_d6d765-f2 > .kt-row-column-wrap{column-gap:var(--global-kb-gap-md, 2rem);row-gap:var(--global-kb-gap-md, 2rem);padding-top:var( --global-kb-row-default-top, 25px );padding-bottom:var( --global-kb-row-default-bottom, 25px );padding-top:var(--global-kb-spacing-sm, 1.5rem);padding-bottom:var(--global-kb-spacing-sm, 1.5rem);grid-template-columns:minmax(0, 1fr);}#kt-layout-id_d6d765-f2 > .kt-row-layout-overlay{opacity:0.30;}@media all and (max-width: 1024px){#kt-layout-id_d6d765-f2 > .kt-row-column-wrap{grid-template-columns:minmax(0, 1fr);}}@media all and (max-width: 767px){#kt-layout-id_d6d765-f2 > .kt-row-column-wrap{grid-template-columns:minmax(0, 1fr);}}<\/style>\n<div class=\"wp-block-kadence-rowlayout alignnone\"><div id=\"kt-layout-id_d6d765-f2\" class=\"kt-row-layout-inner kt-layout-id_d6d765-f2\"><div class=\"kt-row-column-wrap kt-has-1-columns kt-gutter-default kt-v-gutter-default kt-row-valign-top kt-row-layout-equal kt-tab-layout-inherit kt-m-colapse-left-to-right kt-mobile-layout-row\"><style>.kadence-column_7fa574-96 > .kt-inside-inner-col{border-top-width:0px;border-right-width:0px;border-bottom-width:0px;border-left-width:0px;}.kadence-column_7fa574-96 > .kt-inside-inner-col,.kadence-column_7fa574-96 > .kt-inside-inner-col:before{border-top-left-radius:0px;border-top-right-radius:0px;border-bottom-right-radius:0px;border-bottom-left-radius:0px;}.kadence-column_7fa574-96 > .kt-inside-inner-col{column-gap:var(--global-kb-gap-sm, 1rem);}.kadence-column_7fa574-96 > .kt-inside-inner-col{flex-direction:column;}.kadence-column_7fa574-96 > .kt-inside-inner-col > .aligncenter{width:100%;}.kadence-column_7fa574-96 > .kt-inside-inner-col:before{opacity:0.3;}.kadence-column_7fa574-96{position:relative;}@media all and (max-width: 1024px){.kadence-column_7fa574-96 > .kt-inside-inner-col{flex-direction:column;justify-content:center;}}@media all and (max-width: 767px){.kadence-column_7fa574-96 > .kt-inside-inner-col{flex-direction:column;justify-content:center;}}<\/style>\n<div class=\"wp-block-kadence-column inner-column-1 kadence-column_7fa574-96\"><div class=\"kt-inside-inner-col\">\n<h3 class=\"wp-block-heading\">\u00bfQui\u00e9nes somos?<\/h3>\n\n\n\n<p>Autotransportes del Real SA de CV, con domicilio en\u00a0Av. Homero y A. Dumas S\/N, Complejo Industrial Chihuahua, ciudad Chihuahua, municipio o delegaci\u00f3n Chihuahua, c.p. 31109, en la entidad de Chihuahua, pa\u00eds Mexico , y portal de internet https:\/\/www.autotransportesdelreal.com, es el responsable del uso y protecci\u00f3n de sus datos personales, y al respecto le informamos lo siguiente:<\/p>\n\n\n\n<h3 class=\"wp-block-heading\">\u00bfPara qu\u00e9 fines utilizaremos sus datos personales?<\/h3>\n\n\n\n<p>De manera adicional, utilizaremos su informaci\u00f3n personal para las siguientes finalidades secundarias que&nbsp;<strong>no son necesarias<\/strong>&nbsp;para el servicio solicitado, pero que nos permiten y facilitan brindarle una mejor atenci\u00f3n:<\/p>\n\n\n\n<ul class=\"wp-block-list\"><li>para comunicarse v\u00eda correo electr\u00f3nico \u00f3 por tel\u00e9fono y conocer las necesidades del cliente<\/li><li>para conocer la actividad principal del cliente y poder tener una idea de la oferta a ofrecer<\/li><li>para saber el nombre del responsable del negocio que solicita el servicio<\/li><li>para conocer el servicio en el que est\u00e1 interesado el posible cliente<\/li><li>Prospecci\u00f3n comercial<\/li><\/ul>\n\n\n\n<p>En caso de que no desee que sus datos personales se utilicen para estos fines secundarios, ind\u00edquelo a continuaci\u00f3n:<\/p>\n\n\n\n<p>No consiento que mis datos personales se utilicen para los siguientes fines:<\/p>\n\n\n\n<p>[&nbsp;&nbsp;]&nbsp;para comunicarse v\u00eda correo electr\u00f3nico \u00f3 por tel\u00e9fono y conocer las necesidades del cliente<br>[&nbsp;&nbsp;]&nbsp;para conocer la actividad principal del cliente y poder tener una idea de la oferta a ofrecer<br>[&nbsp;&nbsp;]&nbsp;para conocer la p\u00e1gina web actual del cliente y analizarla<br>[&nbsp;&nbsp;]&nbsp;para saber el nombre del responsable del negocio que solicita el servicio<br>[&nbsp;&nbsp;]&nbsp;para conocer el servicio en el que est\u00e1 interesado el posible cliente<br>[&nbsp;&nbsp;]&nbsp;Prospecci\u00f3n comercial<\/p>\n\n\n\n<p>La negativa para el uso de sus datos personales para estas finalidades no podr\u00e1 ser un motivo para que le neguemos los servicios y productos que solicita o contrata con nosotros.<\/p>\n\n\n\n<h3 class=\"wp-block-heading\">\u00bfD\u00f3nde puedo solicitar restricciones del uso de mis datos?<\/h3>\n\n\n\n<p>Nos puede escribir al correo atr@autotransportesdelreal.com<\/p>\n<\/div><\/div>\n<\/div><\/div><\/div>\n\n\n\n<p><\/p>\n","protected":false},"excerpt":{"rendered":"<p>\u00bfQui\u00e9nes somos? Autotransportes del Real SA de CV, con domicilio en\u00a0Av. Homero y A. Dumas S\/N, Complejo Industrial Chihuahua, ciudad Chihuahua, municipio o delegaci\u00f3n Chihuahua, c.p. 31109, en la entidad de Chihuahua, pa\u00eds Mexico , y portal de internet https:\/\/www.autotransportesdelreal.com, es el responsable del uso y protecci\u00f3n de sus datos personales, y al respecto le&#8230;<\/p>","protected":false},"author":1,"featured_media":0,"parent":0,"menu_order":0,"comment_status":"closed","ping_status":"closed","template":"","meta":{"inline_featured_image":false,"_kadence_starter_templates_imported_post":false,"_kad_post_transparent":"","_kad_post_title":"","_kad_post_layout":"","_kad_post_sidebar_id":"","_kad_post_content_style":"","_kad_post_vertical_padding":"","_kad_post_feature":"","_kad_post_feature_position":"","_kad_post_header":false,"_kad_post_footer":false,"_kad_post_classname":"","footnotes":""},"class_list":["post-1215","page","type-page","status-publish","hentry"],"_links":{"self":[{"href":"https:\/\/www.autotransportesdelreal.com\/en\/wp-json\/wp\/v2\/pages\/1215","targetHints":{"allow":["GET"]}}],"collection":[{"href":"https:\/\/www.autotransportesdelreal.com\/en\/wp-json\/wp\/v2\/pages"}],"about":[{"href":"https:\/\/www.autotransportesdelreal.com\/en\/wp-json\/wp\/v2\/types\/page"}],"author":[{"embeddable":true,"href":"https:\/\/www.autotransportesdelreal.com\/en\/wp-json\/wp\/v2\/users\/1"}],"replies":[{"embeddable":true,"href":"https:\/\/www.autotransportesdelreal.com\/en\/wp-json\/wp\/v2\/comments?post=1215"}],"version-history":[{"count":2,"href":"https:\/\/www.autotransportesdelreal.com\/en\/wp-json\/wp\/v2\/pages\/1215\/revisions"}],"predecessor-version":[{"id":1471,"href":"https:\/\/www.autotransportesdelreal.com\/en\/wp-json\/wp\/v2\/pages\/1215\/revisions\/1471"}],"wp:attachment":[{"href":"https:\/\/www.autotransportesdelreal.com\/en\/wp-json\/wp\/v2\/media?parent=1215"}],"curies":[{"name":"wp","href":"https:\/\/api.w.org\/{rel}","templated":true}]}}